{"id":5251,"date":"2019-01-17T23:06:19","date_gmt":"2019-01-17T19:06:19","guid":{"rendered":"http:\/\/rovek.az\/?page_id=5251"},"modified":"2019-02-23T23:55:38","modified_gmt":"2019-02-23T19:55:38","slug":"ekspertiza","status":"publish","type":"page","link":"https:\/\/rovek.az\/en\/ekspertiza\/","title":{"rendered":"Examination"},"content":{"rendered":"<div data-elementor-type=\"post\" data-elementor-id=\"5251\" class=\"elementor elementor-5251 elementor-bc-flex-widget\" data-elementor-settings=\"[]\">\n\t\t\t<div class=\"elementor-inner\">\n\t\t\t\t<div class=\"elementor-section-wrap\">\n\t\t\t\t\t\t\t<section class=\"elementor-element elementor-element-275397f7 elementor-section-boxed elementor-section-height-default elementor-section-height-default default-style elementor-section elementor-top-section\" data-id=\"275397f7\" data-element_type=\"section\" data-settings=\"{&quot;background_background&quot;:&quot;classic&quot;,&quot;rt_color_sets&quot;:&quot;default-style&quot;}\">\n\t\t\t\t\t\t<div class=\"elementor-container elementor-column-gap-default\">\n\t\t\t\t<div class=\"elementor-row\">\n\t\t\t\t<div class=\"elementor-element elementor-element-6e88521b elementor-column elementor-col-20 elementor-top-column\" data-id=\"6e88521b\" data-element_type=\"column\">\n\t\t\t<div class=\"elementor-column-wrap  elementor-element-populated\">\n\t\t\t\t\t<div class=\"elementor-widget-wrap\">\n\t\t\t\t<div class=\"elementor-element elementor-element-7492aeb elementor-widget elementor-widget-sitemap\" data-id=\"7492aeb\" data-element_type=\"widget\" data-widget_type=\"sitemap.default\">\n\t\t\t\t<div class=\"elementor-widget-container\">\n\t\t\t<div class=\"elementor-sitemap-wrap\"><div class=\"elementor-sitemap-section\"><h2 class=\"elementor-sitemap-title elementor-sitemap-xidcateg-title\">Categories<\/h2><ul class=\"elementor-sitemap-list elementor-sitemap-xidcateg-list\">\t<li class=\"elementor-sitemap-item elementor-sitemap-item-xidcateg cat-item cat-item-36\"><a href=\"https:\/\/rovek.az\/en\/xidcateg\/aprising\/\">Appraising<\/a>\n<\/li>\n\t<li class=\"elementor-sitemap-item elementor-sitemap-item-xidcateg cat-item cat-item-37\"><a href=\"https:\/\/rovek.az\/en\/xidcateg\/ekspertiza\/\">Examination<\/a>\n<\/li>\n<\/ul><\/div><\/div>\t\t<\/div>\n\t\t\t\t<\/div>\n\t\t\t\t<div class=\"elementor-element elementor-element-819464d elementor-widget elementor-widget-rt-button\" data-id=\"819464d\" data-element_type=\"widget\" data-widget_type=\"rt-button.default\">\n\t\t\t\t<div class=\"elementor-widget-container\">\n\t\t\t<div class=\"button_wrapper  rounded\"><a href=\"https:\/\/rovek.az\/en\/xidm%c9%99tl%c9%99r\/\" target=\"_self\" title=\"Go back\" class=\"button_  style-1 small\"><span><span class=\"button-icon fa fa-chevron-left\"><\/span><span>Go back<\/span><\/span><\/a><\/div>\t\t<\/div>\n\t\t\t\t<\/div>\n\t\t\t\t\t\t<\/div>\n\t\t\t<\/div>\n\t\t<\/div>\n\t\t\t\t<div class=\"elementor-element elementor-element-7c1155b0 elementor-column elementor-col-20 elementor-top-column\" data-id=\"7c1155b0\" data-element_type=\"column\">\n\t\t\t<div class=\"elementor-column-wrap  elementor-element-populated\">\n\t\t\t\t\t<div class=\"elementor-widget-wrap\">\n\t\t\t\t<div class=\"elementor-element elementor-element-42f031e5 eael-flipbox-content-align-center elementor-widget elementor-widget-eael-flip-box\" data-id=\"42f031e5\" data-element_type=\"widget\" data-widget_type=\"eael-flip-box.default\">\n\t\t\t\t<div class=\"elementor-widget-container\">\n\t\t\t\n\t<div class=\"eael-elements-flip-box-container eael-animate-flip eael-animate-left\">\n\n\t    <div class=\"eael-elements-flip-box-flip-card\">\n\t        <div class=\"eael-elements-flip-box-front-container\">\n\t            <div class=\"eael-elements-slider-display-table\">\n\t                <div class=\"eael-elements-flip-box-vertical-align\">\n\t                    <div class=\"eael-elements-flip-box-padding\">\n\t                        <div class=\"eael-elements-flip-box-icon-image\">\n\t\t\t\t\t\t\t\t\t\t\t\t\t\t\t\t\t\t\t\t\t\t\t\t\t\t\t<i class=\"rt-elementor-icon icon-desktop\"><\/i>\n\t\t\t\t\t\t\t\t\t\t\t\t\t\t\t\t\t\t                        <\/div>\n\t                        <h2 class=\"eael-elements-flip-box-heading\">Desktop examination<\/h2>\n\t                        <div class=\"eael-elements-flip-box-content\">\n\t                           <p>This is front side content.<\/p>\n\t                        <\/div>\n\t                    <\/div>\n\t                <\/div>\n\t            <\/div>\n\t        <\/div>\n\n\t        <div class=\"eael-elements-flip-box-rear-container\">\n\t            <div class=\"eael-elements-slider-display-table\">\n\t                <div class=\"eael-elements-flip-box-vertical-align\">\n\t                    <div class=\"eael-elements-flip-box-padding\">\n\t                    \t\t                    \t\t<div class=\"eael-elements-flip-box-icon-image\">\n\t                    \t\t\t\t\t\t\t\t\t\t\t\t\t\t\t\t\t\t\t\t\t\t\t\t\t\t\t\t\t\t\t\t\t\t\t\t<i class=\"fas fa-snowflake\"><\/i>\n\t\t\t\t\t\t\t\t\t\t\t\t\t\t\t\t\t\t\t\t\t\t                \t\t\t\t\t                \t\t\t<\/div>\n\t                    \t\n\t                        <h2 class=\"eael-elements-flip-box-heading\"><\/h2>\n\t                        <div class=\"eael-elements-flip-box-content\">\n\t                           <p><p style=\"text-align: center;\">Desktop examination - appraising examination, limited to the analysis of the data presented in the report, which may not be independently verified. They are usually conducted using a check list. The appraiser-expert examines the accuracy and correctness of the calculations, the validity of the data, the relevance of the methodology and compliance with the client's instructions, legal requirements and professional standards.<\/p><\/p>\n\t                        <\/div>\n\n\t                        \t                    <\/div>\n\t                <\/div>\n\t            <\/div>\n\t        <\/div>\n\t    <\/div>\n\t<\/div>\n\n\t\t\t<\/div>\n\t\t\t\t<\/div>\n\t\t\t\t\t\t<\/div>\n\t\t\t<\/div>\n\t\t<\/div>\n\t\t\t\t<div class=\"elementor-element elementor-element-787f0fdb elementor-column elementor-col-20 elementor-top-column\" data-id=\"787f0fdb\" data-element_type=\"column\">\n\t\t\t<div class=\"elementor-column-wrap  elementor-element-populated\">\n\t\t\t\t\t<div class=\"elementor-widget-wrap\">\n\t\t\t\t<div class=\"elementor-element elementor-element-6fe20c96 eael-flipbox-content-align-center elementor-widget elementor-widget-eael-flip-box\" data-id=\"6fe20c96\" data-element_type=\"widget\" data-widget_type=\"eael-flip-box.default\">\n\t\t\t\t<div class=\"elementor-widget-container\">\n\t\t\t\n\t<div class=\"eael-elements-flip-box-container eael-animate-flip eael-animate-left\">\n\n\t    <div class=\"eael-elements-flip-box-flip-card\">\n\t        <div class=\"eael-elements-flip-box-front-container\">\n\t            <div class=\"eael-elements-slider-display-table\">\n\t                <div class=\"eael-elements-flip-box-vertical-align\">\n\t                    <div class=\"eael-elements-flip-box-padding\">\n\t                        <div class=\"eael-elements-flip-box-icon-image\">\n\t\t\t\t\t\t\t\t\t\t\t\t\t\t\t\t\t\t\t\t\t\t\t\t\t\t\t<i class=\"rt-elementor-icon icon-chart-line\"><\/i>\n\t\t\t\t\t\t\t\t\t\t\t\t\t\t\t\t\t\t                        <\/div>\n\t                        <h2 class=\"eael-elements-flip-box-heading\">\u0130nzibati ekspertiza (\u0259m\u0259l olunma ekspertizas\u0131)<\/h2>\n\t                        <div class=\"eael-elements-flip-box-content\">\n\t                           <p>This is front side content.<\/p>\n\t                        <\/div>\n\t                    <\/div>\n\t                <\/div>\n\t            <\/div>\n\t        <\/div>\n\n\t        <div class=\"eael-elements-flip-box-rear-container\">\n\t            <div class=\"eael-elements-slider-display-table\">\n\t                <div class=\"eael-elements-flip-box-vertical-align\">\n\t                    <div class=\"eael-elements-flip-box-padding\">\n\t                    \t\t                    \t\t<div class=\"eael-elements-flip-box-icon-image\">\n\t                    \t\t\t\t\t\t\t\t\t\t\t\t\t\t\t\t\t\t\t\t\t\t\t\t\t\t\t\t\t\t\t\t\t\t\t\t<i class=\"fas fa-snowflake\"><\/i>\n\t\t\t\t\t\t\t\t\t\t\t\t\t\t\t\t\t\t\t\t\t\t                \t\t\t\t\t                \t\t\t<\/div>\n\t                    \t\n\t                        <h2 class=\"eael-elements-flip-box-heading\"><\/h2>\n\t                        <div class=\"eael-elements-flip-box-content\">\n\t                           <p><p style=\"text-align: center;\">Administrative examination (compliance examination) - an examination of the appraising report, conducted to confirm that the appraising meets all requirements or standards observed in specific markets, or exceeds them and at least meets the generally accepted appraising principles.<\/p><\/p>\n\t                        <\/div>\n\n\t                        \t                    <\/div>\n\t                <\/div>\n\t            <\/div>\n\t        <\/div>\n\t    <\/div>\n\t<\/div>\n\n\t\t\t<\/div>\n\t\t\t\t<\/div>\n\t\t\t\t\t\t<\/div>\n\t\t\t<\/div>\n\t\t<\/div>\n\t\t\t\t<div class=\"elementor-element elementor-element-16b63d55 elementor-column elementor-col-20 elementor-top-column\" data-id=\"16b63d55\" data-element_type=\"column\">\n\t\t\t<div class=\"elementor-column-wrap  elementor-element-populated\">\n\t\t\t\t\t<div class=\"elementor-widget-wrap\">\n\t\t\t\t<div class=\"elementor-element elementor-element-29f629af eael-flipbox-content-align-center elementor-widget elementor-widget-eael-flip-box\" data-id=\"29f629af\" data-element_type=\"widget\" data-widget_type=\"eael-flip-box.default\">\n\t\t\t\t<div class=\"elementor-widget-container\">\n\t\t\t\n\t<div class=\"eael-elements-flip-box-container eael-animate-flip eael-animate-left\">\n\n\t    <div class=\"eael-elements-flip-box-flip-card\">\n\t        <div class=\"eael-elements-flip-box-front-container\">\n\t            <div class=\"eael-elements-slider-display-table\">\n\t                <div class=\"eael-elements-flip-box-vertical-align\">\n\t                    <div class=\"eael-elements-flip-box-padding\">\n\t                        <div class=\"eael-elements-flip-box-icon-image\">\n\t\t\t\t\t\t\t\t\t\t\t\t\t\t\t\t\t\t\t\t\t\t\t\t\t\t\t<i class=\"rt-elementor-icon icon-cog\"><\/i>\n\t\t\t\t\t\t\t\t\t\t\t\t\t\t\t\t\t\t                        <\/div>\n\t                        <h2 class=\"eael-elements-flip-box-heading\">Technical examination<\/h2>\n\t                        <div class=\"eael-elements-flip-box-content\">\n\t                           <p>This is front side content.<\/p>\n\t                        <\/div>\n\t                    <\/div>\n\t                <\/div>\n\t            <\/div>\n\t        <\/div>\n\n\t        <div class=\"eael-elements-flip-box-rear-container\">\n\t            <div class=\"eael-elements-slider-display-table\">\n\t                <div class=\"eael-elements-flip-box-vertical-align\">\n\t                    <div class=\"eael-elements-flip-box-padding\">\n\t                    \t\t                    \t\t<div class=\"eael-elements-flip-box-icon-image\">\n\t                    \t\t\t\t\t\t\t\t\t\t\t\t\t\t\t\t\t\t\t\t\t\t\t\t\t\t\t\t\t\t\t\t\t\t\t\t<i class=\"fas fa-snowflake\"><\/i>\n\t\t\t\t\t\t\t\t\t\t\t\t\t\t\t\t\t\t\t\t\t\t                \t\t\t\t\t                \t\t\t<\/div>\n\t                    \t\n\t                        <h2 class=\"eael-elements-flip-box-heading\"><\/h2>\n\t                        <div class=\"eael-elements-flip-box-content\">\n\t                           <p><p style=\"text-align: center;\">Technical examination - an examination of the appraising report conducted by an appraiser-expert in order to decide about whether the analysis, opinions and conclusions presented in the appraised report are relevant, reasonable and acceptable.<\/p><\/p>\n\t                        <\/div>\n\n\t                        \t                    <\/div>\n\t                <\/div>\n\t            <\/div>\n\t        <\/div>\n\t    <\/div>\n\t<\/div>\n\n\t\t\t<\/div>\n\t\t\t\t<\/div>\n\t\t\t\t\t\t<\/div>\n\t\t\t<\/div>\n\t\t<\/div>\n\t\t\t\t<div class=\"elementor-element elementor-element-64e863b elementor-column elementor-col-20 elementor-top-column\" data-id=\"64e863b\" data-element_type=\"column\">\n\t\t\t<div class=\"elementor-column-wrap  elementor-element-populated\">\n\t\t\t\t\t<div class=\"elementor-widget-wrap\">\n\t\t\t\t<div class=\"elementor-element elementor-element-fd23f62 eael-flipbox-content-align-center elementor-widget elementor-widget-eael-flip-box\" data-id=\"fd23f62\" data-element_type=\"widget\" data-widget_type=\"eael-flip-box.default\">\n\t\t\t\t<div class=\"elementor-widget-container\">\n\t\t\t\n\t<div class=\"eael-elements-flip-box-container eael-animate-flip eael-animate-left\">\n\n\t    <div class=\"eael-elements-flip-box-flip-card\">\n\t        <div class=\"eael-elements-flip-box-front-container\">\n\t            <div class=\"eael-elements-slider-display-table\">\n\t                <div class=\"eael-elements-flip-box-vertical-align\">\n\t                    <div class=\"eael-elements-flip-box-padding\">\n\t                        <div class=\"eael-elements-flip-box-icon-image\">\n\t\t\t\t\t\t\t\t\t\t\t\t\t\t\t\t\t\t\t\t\t\t\t\t\t\t\t<i class=\"fa fa-users\"><\/i>\n\t\t\t\t\t\t\t\t\t\t\t\t\t\t\t\t\t\t                        <\/div>\n\t                        <h2 class=\"eael-elements-flip-box-heading\">Field examination<\/h2>\n\t                        <div class=\"eael-elements-flip-box-content\">\n\t                           <p>This is front side content.<\/p>\n\t                        <\/div>\n\t                    <\/div>\n\t                <\/div>\n\t            <\/div>\n\t        <\/div>\n\n\t        <div class=\"eael-elements-flip-box-rear-container\">\n\t            <div class=\"eael-elements-slider-display-table\">\n\t                <div class=\"eael-elements-flip-box-vertical-align\">\n\t                    <div class=\"eael-elements-flip-box-padding\">\n\t                    \t\t                    \t\t<div class=\"eael-elements-flip-box-icon-image\">\n\t                    \t\t\t\t\t\t\t\t\t\t\t\t\t\t\t\t\t\t\t\t\t\t\t\t\t\t\t\t\t\t\t\t\t\t\t\t<i class=\"fas fa-snowflake\"><\/i>\n\t\t\t\t\t\t\t\t\t\t\t\t\t\t\t\t\t\t\t\t\t\t                \t\t\t\t\t                \t\t\t<\/div>\n\t                    \t\n\t                        <h2 class=\"eael-elements-flip-box-heading\"><\/h2>\n\t                        <div class=\"eael-elements-flip-box-content\">\n\t                           <p><p style=\"text-align: center;\">Field examination is an appraising examination that includes a examination of the external part, and sometimes the internal part of the assessed property, and possibly a examination of comparable property items to confirm the data presented in the report.\u00a0<\/p><\/p>\n\t                        <\/div>\n\n\t                        \t                    <\/div>\n\t                <\/div>\n\t            <\/div>\n\t        <\/div>\n\t    <\/div>\n\t<\/div>\n\n\t\t\t<\/div>\n\t\t\t\t<\/div>\n\t\t\t\t\t\t<\/div>\n\t\t\t<\/div>\n\t\t<\/div>\n\t\t\t\t\t\t<\/div>\n\t\t\t<\/div>\n\t\t<\/section>\n\t\t\t\t<section class=\"elementor-element elementor-element-595af06 elementor-section-boxed elementor-section-height-default elementor-section-height-default default-style elementor-section elementor-top-section\" data-id=\"595af06\" data-element_type=\"section\" data-settings=\"{&quot;background_background&quot;:&quot;classic&quot;,&quot;rt_color_sets&quot;:&quot;default-style&quot;}\">\n\t\t\t\t\t\t<div class=\"elementor-container elementor-column-gap-default\">\n\t\t\t\t<div class=\"elementor-row\">\n\t\t\t\t<div class=\"elementor-element elementor-element-3be0c8e elementor-column elementor-col-50 elementor-top-column\" data-id=\"3be0c8e\" data-element_type=\"column\">\n\t\t\t<div class=\"elementor-column-wrap\">\n\t\t\t\t\t<div class=\"elementor-widget-wrap\">\n\t\t\t\t\t\t<\/div>\n\t\t\t<\/div>\n\t\t<\/div>\n\t\t\t\t<div class=\"elementor-element elementor-element-e73bbbf elementor-column elementor-col-50 elementor-top-column\" data-id=\"e73bbbf\" data-element_type=\"column\">\n\t\t\t<div class=\"elementor-column-wrap  elementor-element-populated\">\n\t\t\t\t\t<div class=\"elementor-widget-wrap\">\n\t\t\t\t<div class=\"elementor-element elementor-element-735c27a elementor-widget elementor-widget-text-editor\" data-id=\"735c27a\" data-element_type=\"widget\" data-widget_type=\"text-editor.default\">\n\t\t\t\t<div class=\"elementor-widget-container\">\n\t\t\t\t\t<div class=\"elementor-text-editor elementor-clearfix\"><p style=\"text-align: center;\"><strong>Examination of appraising reports<\/strong><\/p><p>Recently, the task of organizing work on the examination of appraising reports prepared by evaluators has become topical for the appraisal community.<\/p><p class=\" translation-block\">If the customer of the appraising or third parties that somehow relate to it, for example, the institution where this document is submitted, has doubts about its correctness, reliability and objectivity, there is only one right option  \u2013 <strong>to order an examination of the appraising report<\/strong>.<\/p><p>Examination of appraising reports provides a clear idea of how a particular report meets the formal requirements for it.<\/p><p><em>Examination of appraising reports is carried out to verify the reliability of the appraising results and the compliance of the report with the requirements of the regulatory documents governing the appraising activities:<\/em><\/p><p class=\" translation-block\"><em>The appraising report examination  <\/em><em>is an integral part <\/em><em> of professional appraising practice.<\/em><\/p><p class=\" translation-block\"><em>Appraising report examination <\/em><em> is necessary to verify the quality and reliability of the work performed by the appraiser.<\/em><\/p><p><em>This is a guarantee that the appraiser has determined the market value of the appraised object correctly, that the work was conducted in compliance with all legal requirements and standards.<\/em><\/p><p style=\"text-align: center;\"><strong>Types of examinations<\/strong><\/p><p class=\" translation-block\"><strong>Administrative examination (compliance examination) <\/strong> \u2014an examination of the appraising report, conducted to confirm that the appraising meets all requirements or standards observed in specific markets, or exceeds them and at least meets the generally accepted appraising principles.<\/p><p class=\" translation-block\"><strong>Texniki ekspertiza<\/strong> \u2014 qiym\u0259tl\u0259ndirici ekspertin yoxlan\u0131lan hesabatda g\u00f6st\u0259ril\u0259n t\u0259hlil, fikir v\u0259 r\u0259yl\u0259rin m\u0259qbul, \u0259sasland\u0131r\u0131lm\u0131\u015f olmas\u0131 bar\u0259d\u0259 m\u00fclahiz\u0259 t\u0259rtib etm\u0259k \u00fc\u00e7\u00fcn apar\u0131lan qiym\u0259tl\u0259ndirm\u0259 hesabat\u0131n\u0131n ekspertizas\u0131d\u0131r.<\/p><p class=\" translation-block\"><strong>\u00a0Masa\u00fcst\u00fc ekspertiza<\/strong> \u2014 hesabatda t\u0259qdim olunan, m\u00fcst\u0259qil \u015f\u0259kild\u0259 t\u0259sdiql\u0259n\u0259 bil\u0259n v\u0259 bilm\u0259y\u0259n m\u0259lumatlar\u0131n t\u0259hlili il\u0259 m\u0259hdudla\u015fan qiym\u0259tl\u0259ndirm\u0259 hesabat\u0131n\u0131n ekspertizas\u0131. Ad\u0259t\u0259n n\u0259zar\u0259t-yoxlama siyah\u0131s\u0131 vasit\u0259sil\u0259 apar\u0131l\u0131r. Qiym\u0259tl\u0259ndirici \u2013 ekspert hesablamalar\u0131n d\u0259qiqliyi v\u0259 d\u00fczg\u00fcnl\u00fcy\u00fcn\u00fc, m\u0259lumatlar\u0131n \u0259sasl\u0131l\u0131\u011f\u0131, metodologiyan\u0131n m\u0259qbullu\u011fu v\u0259, m\u00fc\u015ft\u0259rinin g\u00f6st\u0259ri\u015fl\u0259ri, qanunvericilik t\u0259l\u0259bl\u0259ri v\u0259 pe\u015f\u0259 standartlar\u0131na \u0259m\u0259l olunub \u2013olunmad\u0131\u011f\u0131n\u0131 yoxlay\u0131r.<\/p><p class=\" translation-block\"><strong>Sah\u0259 ekspertizas\u0131<\/strong> \u2013 qiym\u0259tl\u0259ndiril\u0259n \u0259mlak\u0131n xarici hiss\u0259si, b\u0259z\u0259n is\u0259 daxili hiss\u0259sinin, hesabatda t\u0259qdim olunan m\u0259lumatlar\u0131n t\u0259sdiql\u0259nm\u0259si \u00fc\u00e7\u00fcn m\u00fcqayis\u0259 oluna bil\u0259n \u0259mlak obyektl\u0259rinin t\u0259dqiqat\u0131n\u0131 \u0259hat\u0259 ed\u0259n qiym\u0259tl\u0259ndirm\u0259 hesabat\u0131n\u0131n ekspertizas\u0131. Ad\u0259t\u0259n masa\u00fcst\u00fc ekspertiza zaman\u0131 yoxlan\u0131lan b\u0259ndl\u0259rin daxil oldu\u011fu n\u0259zar\u0259t-yoxlama siyah\u0131s\u0131 vasit\u0259sil\u0259 apar\u0131l\u0131r v\u0259 bazar m\u0259lumatlar\u0131n\u0131n t\u0259sdiql\u0259nm\u0259si, \u0259lav\u0259 m\u0259lumatlar\u0131n toplanmas\u0131 \u00fczr\u0259 t\u0259dqiqatlar v\u0259 hesabat\u0131n haz\u0131rlanmas\u0131 zaman\u0131 istifad\u0259 olunan proqram t\u0259minat\u0131n\u0131n yoxlan\u0131lmas\u0131n\u0131 daxil ed\u0259 bil\u0259r.<\/p><p>\u00a0It is difficult for a person who does not have an education in appraising to understand the calculations made by the appraiser, to determine the correctness of the choice of a particular method for the calculations, to check the applied adjustments and the report's compliance with the standards of the appraising activity.<\/p><p>The expert council of our company in its activities is guided by the principles of objectivity, impartiality and rationality.<\/p><p class=\" translation-block\">The high professional level and practical experience of the members of the <strong>Expert Council of ROVEX<\/strong> allows taking into account both the industry specifics and the specifics of the object of appraising during the examination of appraising reports.<\/p><p>The opponents of the appraising customer, the customer of the appraising and the appraisers themselves can be the customers of services for the examination of the reports appraising.<\/p><\/div>\n\t\t\t\t<\/div>\n\t\t\t\t<\/div>\n\t\t\t\t\t\t<\/div>\n\t\t\t<\/div>\n\t\t<\/div>\n\t\t\t\t\t\t<\/div>\n\t\t\t<\/div>\n\t\t<\/section>\n\t\t\t\t\t\t<\/div>\n\t\t\t<\/div>\n\t\t<\/div>","protected":false},"excerpt":{"rendered":"<p>Geri qay\u0131t Masa\u00fcst\u00fc ekspertiza This is front-end content. Masa\u00fcst\u00fc ekspertiza \u2014 hesabatda t\u0259qdim olunan, m\u00fcst\u0259qil \u015f\u0259kild\u0259 t\u0259sdiql\u0259n\u0259 bil\u0259n v\u0259 t\u0259sdiql\u0259n\u0259 bilm\u0259y\u0259n m\u0259lumatlar\u0131n t\u0259hlili il\u0259 m\u0259hdudla\u015fan qiym\u0259tl\u0259ndirm\u0259 ekspertizas\u0131. Ad\u0259t\u0259n n\u0259zar\u0259t-yoxlama siyah\u0131s\u0131 vasit\u0259sil\u0259 apar\u0131l\u0131r. \u0130nzibati ekspertiza (\u0259m\u0259l olunma ekspertizas\u0131) This is front-end content. \u0130nzibati ekspertiza (\u0259m\u0259l olunma ekspertizas\u0131) \u2014 qiym\u0259tl\u0259ndirm\u0259 bar\u0259d\u0259 hesabat\u0131n ekspertizas\u0131 qiym\u0259tl\u0259ndirm\u0259nin konkret bazarlarda \u0259m\u0259l [&hellip;]<\/p>","protected":false},"author":1,"featured_media":0,"parent":0,"menu_order":0,"comment_status":"closed","ping_status":"closed","template":"","meta":{"footnotes":""},"_links":{"self":[{"href":"https:\/\/rovek.az\/en\/wp-json\/wp\/v2\/pages\/5251"}],"collection":[{"href":"https:\/\/rovek.az\/en\/wp-json\/wp\/v2\/pages"}],"about":[{"href":"https:\/\/rovek.az\/en\/wp-json\/wp\/v2\/types\/page"}],"author":[{"embeddable":true,"href":"https:\/\/rovek.az\/en\/wp-json\/wp\/v2\/users\/1"}],"replies":[{"embeddable":true,"href":"https:\/\/rovek.az\/en\/wp-json\/wp\/v2\/comments?post=5251"}],"version-history":[{"count":9,"href":"https:\/\/rovek.az\/en\/wp-json\/wp\/v2\/pages\/5251\/revisions"}],"predecessor-version":[{"id":5366,"href":"https:\/\/rovek.az\/en\/wp-json\/wp\/v2\/pages\/5251\/revisions\/5366"}],"wp:attachment":[{"href":"https:\/\/rovek.az\/en\/wp-json\/wp\/v2\/media?parent=5251"}],"curies":[{"name":"wp","href":"https:\/\/api.w.org\/{rel}","templated":true}]}}